{"id":1306,"date":"2023-06-22T15:26:28","date_gmt":"2023-06-22T15:26:28","guid":{"rendered":"https:\/\/gallery-puzic.com\/?page_id=1306"},"modified":"2023-06-22T15:29:30","modified_gmt":"2023-06-22T15:29:30","slug":"invitation-im-osten-nichts-neues","status":"publish","type":"page","link":"https:\/\/gallery-puzic.com\/en\/invitation-im-osten-nichts-neues\/","title":{"rendered":"Invitation: &#8222;Im Osten nichts Neues&#8220;"},"content":{"rendered":"<p><\/p>\n\n\n\n<p>       <em>  <\/em><img fetchpriority=\"high\" decoding=\"async\" width=\"450\" height=\"321\" class=\"wp-image-1186\" style=\"width: 450px;\" src=\"https:\/\/gallery-puzic.com\/wp-content\/uploads\/2023\/06\/Gega-Paksashvili-Satisfaction.png\" alt=\"Gallery Puzic - Gega Paksashvili\" srcset=\"https:\/\/gallery-puzic.com\/wp-content\/uploads\/2023\/06\/Gega-Paksashvili-Satisfaction.png 443w, https:\/\/gallery-puzic.com\/wp-content\/uploads\/2023\/06\/Gega-Paksashvili-Satisfaction-300x214.png 300w\" sizes=\"(max-width: 450px) 100vw, 450px\" \/><\/p>\n\n\n\n<p class=\"has-small-font-size\"><em>Press release &#8211; in english<\/em><\/p>\n\n\n\n<p><strong>Opening \u2013 Tuesday, June 13, from 6 p.m.,<\/strong> with multimedia works by Gega Paksashvili, Kristina Bajilo, Alina Panasenko, Mensud Ke\u010do, Esad Puzi\u0107, Gordana Novakovi\u0107, Rastko Novakovi\u0107\/Beatri\u010d\u0117 Bukantyt\u0117, and Armine Vosganian, as well as a fragment of a novel by Aka Mortschiladze (recited by Irakli Rukhadze), <strong>with opening concert<\/strong> (Grigor Asmaryan, Artur Kurghinyan)<\/p>\n\n\n\n<p><strong>2nd concert,<\/strong> Wednesday, June 14, from 7 p.m. (music from Georgia and Armenia, with Tamara Meshvelischvili, violin and vocals; Paul Gurti, piano; Dali Zimmermann, vocals;<\/p>\n\n\n\n<p>Artur Kurghinyan, violin; Grigory Meshvelishvili, Grigor Asmaryan, piano)<\/p>\n\n\n\n<p><strong>3rd concert,<\/strong> Thursday, June 15, from 7 p.m. (German composers, with Max Bruch Trio)<\/p>\n\n\n\n<p>Duration of the exhibition: June 13, 2023 \u2013 July 11, 2023<\/p>\n\n\n\n<p>Johannis Strasse 3A, 66111 Saarbr\u00fccken<\/p>\n\n\n\n<p>Gallery Puzi\u0107 cordially invites you to the opening of its new exhibition with multimedia works by various artists from Eastern Europe, combined with a three-day music festival which takes place in the evenings of June 13th, 14th &amp; 15th in the gallery rooms.<\/p>\n\n\n\n<p><em>Im Osten nichts Neues<\/em> puts an exclamation mark behind the questions&nbsp; \u201cWhere is home,\u201c \u201cWhere is the war,\u201c \u201cWhat red line runs through the history of peoples,\u201c \u201cWhat is a migration background,\u201c \u201cIs there a language of the sun,\u201c \u201cWhat does it mean to experience war\u201c&#8230;<\/p>\n\n\n\n<p>The diverse works and performances of this artistic experiment of the gallery call into question human languages and forms of expression in every respect with regard to their possibilities and limits, in order to overcome the apparent contradiction (the East of the West?) that we encounter in communication or translation , i.e. the misunderstanding \u2013 Walter Benjamin once spoke of the \u201c<em>Aufgabe<\/em> of the translator\u201c \u2013 that repeatedly stares us in the face.<\/p>\n\n\n\n<p>The recently deceased Bosnian writer D\u017eevad Karahasan wrote during the siege of Sarajevo and before the city was largely destroyed: &#8222;I fell silent and felt an insane coldness, probably something in me had realized that a world had been wiped out, the only one which I had known and inhabited&#8220; (<em>The Solace of the Night Sky<\/em>).<\/p>\n\n\n\n<p><em>Im Osten nichts Neues<\/em> reminds one of the haunted, disturbed memory, but also of <em>umut<\/em> (hope), perhaps of consolation, as well as macabre moods and black humor, the will to survive. The works on display, particularly Gega Paksashvili&#8217;s \u201cYellow\u201d series, speak to us in their own language; the photographs, graphic prints, paintings and objects by Kristina Bajilo, Alina Panasenko, Mensud Ke\u010do, and Esad Puzi\u0107 are complemented by the media installation by Gordana Novakovi\u0107 and a film screening, <em>Wormwood Maria,<\/em> by Rastko Novakovi\u0107 &amp; Beatri\u010d\u0117 Bukantyt\u0117, along with 2 short films, <em>Into myPlanet<\/em> (<em>Martian, Jupiterian<\/em>), by transrealist artist Armine Vosganian A reading from Aka Mortschiladze&#8217;s novel <em>The Dogs of Paliaschvili Street<\/em> (translated by Irakli Rukhadze) is also part of the opening, as is the extraordinary music concert program, aranged and conducted by Grigor Asmaryan with guest musicians.<\/p>\n\n\n\n<p>We are looking forward to your visit.<\/p>","protected":false},"excerpt":{"rendered":"<p>Press release &#8211; in english Opening \u2013 Tuesday, June 13, from 6 p.m., with multimedia works by Gega Paksashvili, Kristina Bajilo, Alina Panasenko, Mensud Ke\u010do, Esad Puzi\u0107, Gordana Novakovi\u0107, Rastko Novakovi\u0107\/Beatri\u010d\u0117 Bukantyt\u0117, and Armine Vosganian, as well as a fragment of a novel by Aka Mortschiladze (recited by Irakli Rukhadze), with opening concert (Grigor Asmaryan, [&hellip;]<\/p>\n","protected":false},"author":2,"featured_media":0,"parent":0,"menu_order":0,"comment_status":"closed","ping_status":"closed","template":"","meta":{"footnotes":""},"class_list":["post-1306","page","type-page","status-publish","hentry"],"_links":{"self":[{"href":"https:\/\/gallery-puzic.com\/en\/wp-json\/wp\/v2\/pages\/1306","targetHints":{"allow":["GET"]}}],"collection":[{"href":"https:\/\/gallery-puzic.com\/en\/wp-json\/wp\/v2\/pages"}],"about":[{"href":"https:\/\/gallery-puzic.com\/en\/wp-json\/wp\/v2\/types\/page"}],"author":[{"embeddable":true,"href":"https:\/\/gallery-puzic.com\/en\/wp-json\/wp\/v2\/users\/2"}],"replies":[{"embeddable":true,"href":"https:\/\/gallery-puzic.com\/en\/wp-json\/wp\/v2\/comments?post=1306"}],"version-history":[{"count":4,"href":"https:\/\/gallery-puzic.com\/en\/wp-json\/wp\/v2\/pages\/1306\/revisions"}],"predecessor-version":[{"id":1313,"href":"https:\/\/gallery-puzic.com\/en\/wp-json\/wp\/v2\/pages\/1306\/revisions\/1313"}],"wp:attachment":[{"href":"https:\/\/gallery-puzic.com\/en\/wp-json\/wp\/v2\/media?parent=1306"}],"curies":[{"name":"wp","href":"https:\/\/api.w.org\/{rel}","templated":true}]}}