{"id":1180,"date":"2023-06-19T14:10:42","date_gmt":"2023-06-19T14:10:42","guid":{"rendered":"https:\/\/gallery-puzic.com\/?page_id=1180"},"modified":"2023-08-03T13:49:18","modified_gmt":"2023-08-03T13:49:18","slug":"im-osten-nichts-neues-finissage","status":"publish","type":"page","link":"https:\/\/gallery-puzic.com\/en\/im-osten-nichts-neues-finissage\/","title":{"rendered":"\u00abIm Osten nichts Neues\u00bb Filmabend"},"content":{"rendered":"<p class=\"has-luminous-vivid-amber-color has-text-color\"><em><strong>zur Finissage, Sonntag, 9. Juli, 2023, um 17:00 Uhr<\/strong><\/em><\/p>\n\n\n\n<p class=\"has-luminous-vivid-amber-color has-text-color\"><strong><em>Eintritt ist frei.  Wir freuen uns auf Ihren Besuch<\/em><\/strong><\/p>\n\n\n\n<div class=\"wp-block-columns is-layout-flex wp-container-core-columns-is-layout-28f84493 wp-block-columns-is-layout-flex\">\n<div class=\"wp-block-column is-layout-flow wp-block-column-is-layout-flow\">\n<p class=\"has-contrast-color has-text-color has-link-color wp-elements-b04098c0dc69402e3b6efc1691f1a92b\"><a rel=\"noreferrer noopener\" href=\"https:\/\/gallery-puzic.com\/en\/im-osten-nichts-neues-film-evening\/\" data-type=\"URL\" data-id=\"https:\/\/gallery-puzic.com\/im-osten-nichts-neues-film-evening\/\" target=\"_blank\">english<\/a><\/p>\n<\/div>\n\n\n\n<div class=\"wp-block-column is-layout-flow wp-block-column-is-layout-flow\">\n<p class=\"has-contrast-color has-text-color has-link-color wp-elements-2d3e634eb7ebbe32ed3219f3d644bc09\"><a href=\"https:\/\/gallery-puzic.com\/en\/im-osten-nichts-neues-soiree-cinema\/\" data-type=\"URL\" data-id=\"https:\/\/gallery-puzic.com\/im-osten-nichts-neues-soiree-cinema\/\" target=\"_blank\" rel=\"noreferrer noopener\">fran\u00e7ais<\/a><\/p>\n<\/div>\n<\/div>\n\n\n\n<p class=\"has-luminous-vivid-amber-color has-text-color\"><\/p>\n\n\n\n<p>Die ausgestellten Werke der Show &#8222;Im Osten nichts Neues,&#8220; insbesondere die Serie \u201eGelb\u201c von&nbsp;Gega Paksashvili, sprechen uns an mit ihrer eigenen provokativen Sprache; die Fotografien, Grafikdrucke, Gem\u00e4lde und Objekte von Kristina Bajilo, Alina Panasenko, Mensud Ke\u010do, und Esad&nbsp;Puzi\u0107 werden erg\u00e4nzt durch die&nbsp; Medien-Installation von Gordana Novakovi\u0107, die einen faszinierenden R\u00fcckblick auf die Anf\u00e4nge der Medien- und computergest\u00fctzten elektronischen Kunst im ehemaligen Jugoslawien (1989-1991) er\u00f6ffnet, sowie am letzten Sonntag der Ausstellungsdauer durch Film-Vorf\u00fchrungen:<\/p>\n\n\n\n<figure class=\"wp-block-image size-large\"><img fetchpriority=\"high\" decoding=\"async\" width=\"1024\" height=\"580\" src=\"https:\/\/gallery-puzic.com\/wp-content\/uploads\/2023\/06\/Wormwood-Maria-2-1024x580.png\" alt=\"\" class=\"wp-image-1270\" srcset=\"https:\/\/gallery-puzic.com\/wp-content\/uploads\/2023\/06\/Wormwood-Maria-2-1024x580.png 1024w, https:\/\/gallery-puzic.com\/wp-content\/uploads\/2023\/06\/Wormwood-Maria-2-300x170.png 300w, https:\/\/gallery-puzic.com\/wp-content\/uploads\/2023\/06\/Wormwood-Maria-2-768x435.png 768w, https:\/\/gallery-puzic.com\/wp-content\/uploads\/2023\/06\/Wormwood-Maria-2-1536x870.png 1536w, https:\/\/gallery-puzic.com\/wp-content\/uploads\/2023\/06\/Wormwood-Maria-2-2048x1160.png 2048w\" sizes=\"(max-width: 1024px) 100vw, 1024px\" \/><\/figure>\n\n\n\n<p>(1)  <em><strong>Wormwood Maria,<\/strong><\/em> von Rastko Novakovi\u0107 &amp;&nbsp;Beatri\u010d\u0117 Bukantyt\u0117, <\/p>\n\n\n\n<figure class=\"wp-block-image size-large\"><img decoding=\"async\" width=\"1024\" height=\"556\" src=\"https:\/\/gallery-puzic.com\/wp-content\/uploads\/2023\/06\/Into-myPlanet_Martian-1024x556.png\" alt=\"\" class=\"wp-image-1269\" srcset=\"https:\/\/gallery-puzic.com\/wp-content\/uploads\/2023\/06\/Into-myPlanet_Martian-1024x556.png 1024w, https:\/\/gallery-puzic.com\/wp-content\/uploads\/2023\/06\/Into-myPlanet_Martian-300x163.png 300w, https:\/\/gallery-puzic.com\/wp-content\/uploads\/2023\/06\/Into-myPlanet_Martian-768x417.png 768w, https:\/\/gallery-puzic.com\/wp-content\/uploads\/2023\/06\/Into-myPlanet_Martian-1536x834.png 1536w, https:\/\/gallery-puzic.com\/wp-content\/uploads\/2023\/06\/Into-myPlanet_Martian-2048x1112.png 2048w\" sizes=\"(max-width: 1024px) 100vw, 1024px\" \/><\/figure>\n\n\n\n<p>(2) Zwei Kurzfilme aus dem Projekt <em><strong>Into myPlanet (Martian, Jupiterian)<\/strong> <\/em>der transrealistischen K\u00fcnstlerin Armine Vosganian.<\/p>\n\n\n\n<p><\/p>\n\n\n\n<p class=\"has-vivid-red-color has-text-color\">Kurze Beschreibung der Filmkunstwerke:<\/p>\n\n\n\n<p>(1) <strong>Wormwood Maria<\/strong> (Pelyno Marija)<\/p>\n\n\n\n<p class=\"has-small-font-size\">\u201eWormwood Maria\u201c basiert auf zwei Monologen der Konfrontation. In einer aufgeladenen litauischen Landschaft erinnert sich ein Mann an seine vergangenen W\u00fcnsche, Vagabundenreisen und Verrat aus den 1930er und 1940er Jahren. Ganz in der N\u00e4he konfrontiert ein junges M\u00e4dchen die Marienstatue mit Tr\u00e4umen, Liedern und Ungerechtigkeiten aus der Vergangenheit.<\/p>\n\n\n\n<p class=\"has-small-font-size\"><strong>&nbsp;DIRECTORS\u2019 STATEMENT<\/strong>        <style>@font-face {font-family:Cambria; panose-1:0 0 0 0 0 0 0 0 0 0; mso-font-alt:\"Times New Roman\"; mso-font-charset:77; mso-generic-font-family:roman; mso-font-format:other; mso-font-pitch:auto; mso-font-signature:3 0 0 0 1 0;}p.MsoNormal, li.MsoNormal, div.MsoNormal {mso-style-parent:\"\"; margin:0in; margin-bottom:.0001pt; mso-pagination:widow-orphan; font-size:12.0pt; font-family:\"Times New Roman\"; mso-ascii-font-family:Cambria; mso-ascii-theme-font:minor-latin; mso-fareast-font-family:Cambria; mso-fareast-theme-font:minor-latin; mso-hansi-font-family:Cambria; mso-hansi-theme-font:minor-latin; mso-bidi-font-family:\"Times New Roman\"; mso-bidi-theme-font:minor-bidi;}div.Section1 {page:Section1;}<\/style>  <\/p>\n\n\n\n<p class=\"has-small-font-size\">\u201eWormwood Maria\u201c (Pelyno Marija) ist eine Antwort auf die Landschaft und Geschichte der Kleinstadt Luok\u0117 in Litauen. Jeder gefilmte Ort ist ein Ort der Erinnerung: die Massaker an den \u00f6rtlichen Juden in den 1940er Jahren, die Gr\u00e4ber der in den 1940er und 1950er Jahren get\u00f6teten Partisanen und der Opfer des Zweiten Weltkriegs. Ebenfalls zu sehen ist der Kirchhof der Allerheiligenkirche von Luok\u0117, einer der \u00e4ltesten katholischen Kirchen Litauens, die 1416 gegr\u00fcndet wurde. Uns interessierte gleicherma\u00dfen, wie sich diese Landschaft in der Gegenwart zeigt: das allt\u00e4gliche Dorfleben und das Leben der Pflanzen und Pflanzen Tiere im Hochsommer. Die Art und Weise, wie der Horizont die Landschaft teilt, und die Bewegung von Sonne und Mond waren f\u00fcr uns ebenso wichtig wie die menschliche Dom\u00e4ne. Zwei namenlose Figuren, ein Mann und ein junges M\u00e4dchen, f\u00fchren jeweils Monologe vor, die sich mit der gewaltt\u00e4tigen Geschichte und dem sensorischen Reichtum der Landschaft befassen.<\/p>\n\n\n\n<p class=\"has-small-font-size\">Wir haben mit drei \u00dcbersetzern zusammengearbeitet, um die Schriften von Dante Alighieri, Jean Genet und dem jugoslawischen Surrealisten Aleksandar Vu\u010do ins Litauische zu \u00fcbersetzen. Diese Texte bilden zusammen eine Textur, die sich zwischen unseren Alltagsbeobachtungen, \u00fcber alte lokale Reime bis hin zu Dantes moralischen Fragen bewegt. Genets Auseinandersetzung mit der b\u00fcrgerlichen und christlichen Moral wird Seite an Seite mit den poetischen Memoiren eines Surrealisten w\u00e4hrend seiner Zeit in einem Konzentrationslager der Nazis gestellt. Auf diese Weise werden Schichten des Denkens, der Emotionen und der europ\u00e4ischen Geschichte der letzten 700 Jahre auf Litauisch, in Litauen, miteinander in Einklang gebracht.<\/p>\n\n\n\n<p class=\"has-small-font-size\">Die beiden Darsteller bringen ihren Schwung, ihre Haltung und ihre einfachen Gesten in die Inszenierung ein. Es war wichtig, den Ton gleichzeitig mit den Bildern aufzunehmen \u2013 auf diese Weise konnten die Darsteller mit der Vielfalt ihrer Umgebung interagieren und mit ihr koexistieren. Die Darsteller versuchen nicht, Charaktere zu erschaffen, sondern rezitieren und befolgen den Rat von Bertolt Brecht: \u201eStatt den Eindruck erwecken zu wollen, dass er improvisiert, sollte der Schauspieler vielmehr zeigen, was die Wahrheit ist: Er zitiert.\u201c Brechts Arbeit zum Thema \u201eEntfremdung\u201c und sein Rat zur Verwendung unregelm\u00e4\u00dfiger Rhythmen in der Diktion der Schauspieler waren f\u00fcr uns hilfreich, um eine fragende und offene Reaktion im Publikum anzuregen. Wichtig waren auch seine Ideen zum epischen Theater, das nicht auf Handlung und linearer Entwicklung basiert, sondern mehr Wert auf das Erz\u00e4hlen und einen Collage-Ansatz legt.<\/p>\n\n\n\n<p class=\"has-small-font-size\"><strong>Biografien<\/strong><\/p>\n\n\n\n<p class=\"has-small-font-size\">Beatri\u010d\u0117 Bukantyt\u0117 (Vilnius, Litauen) ist eine K\u00fcnstlerin, deren Praxis sich \u00fcber die Bereiche experimentelle Performance, Film und Fotografie erstreckt. Basierend auf der Philosophie und Praxis des Butoh sowie Techniken der Stimm- und Tanzimprovisation kann es als prozess- und praxisbasierte Studie zu Fragen der Autonomie, Identit\u00e4t, Kreativit\u00e4t und Transformation betrachtet werden. Ihre Praxis erstreckt sich oft auf die Zusammenarbeit, aber auch auf die Organisation und Moderation von Veranstaltungen, Workshops und Lehrveranstaltungen.<\/p>\n\n\n\n<p class=\"has-small-font-size\">Rastko Novakovi\u0107 (Belgrad\/Glasgow) ist K\u00fcnstler, Filmemacher und Kurator und arbeitet haupts\u00e4chlich mit dem Bewegtbild. Seine Praxis ist kollaborativ und im Laufe der Jahre hat er hat \u00fcber 60 Bewegtbildwerke fertiggestellt, von 1-min\u00fctigen bis lyrischen Filmarbeiten, \u00fcber Kampagnenfilme, Musikvideos, Multiplattform-Videos, von Au\u00dfeninstallationen bis hin zu Spielfilmen. Seine Arbeit erforscht die wiederkehrende Themen der Erinnerung, der Landschaft, der Poetik des Alltags, soziale Gerechtigkeit.<\/p>\n\n\n\n<p class=\"has-vivid-red-color has-text-color\"><em>Intro with J. Birringer<\/em>  <img decoding=\"async\" width=\"220\" height=\"165\" class=\"wp-image-1505\" style=\"width: 220px;\" src=\"https:\/\/gallery-puzic.com\/wp-content\/uploads\/2023\/07\/Vosganian-und-jb.jpeg\" alt=\"\" srcset=\"https:\/\/gallery-puzic.com\/wp-content\/uploads\/2023\/07\/Vosganian-und-jb.jpeg 2048w, https:\/\/gallery-puzic.com\/wp-content\/uploads\/2023\/07\/Vosganian-und-jb-300x225.jpeg 300w, https:\/\/gallery-puzic.com\/wp-content\/uploads\/2023\/07\/Vosganian-und-jb-1024x768.jpeg 1024w, https:\/\/gallery-puzic.com\/wp-content\/uploads\/2023\/07\/Vosganian-und-jb-768x576.jpeg 768w, https:\/\/gallery-puzic.com\/wp-content\/uploads\/2023\/07\/Vosganian-und-jb-1536x1152.jpeg 1536w\" sizes=\"(max-width: 220px) 100vw, 220px\" \/> <img loading=\"lazy\" decoding=\"async\" width=\"220\" height=\"165\" class=\"wp-image-1503\" style=\"width: 220px;\" src=\"https:\/\/gallery-puzic.com\/wp-content\/uploads\/2023\/07\/intro.jpeg\" alt=\"\" srcset=\"https:\/\/gallery-puzic.com\/wp-content\/uploads\/2023\/07\/intro.jpeg 2048w, https:\/\/gallery-puzic.com\/wp-content\/uploads\/2023\/07\/intro-300x225.jpeg 300w, https:\/\/gallery-puzic.com\/wp-content\/uploads\/2023\/07\/intro-1024x768.jpeg 1024w, https:\/\/gallery-puzic.com\/wp-content\/uploads\/2023\/07\/intro-768x576.jpeg 768w, https:\/\/gallery-puzic.com\/wp-content\/uploads\/2023\/07\/intro-1536x1152.jpeg 1536w\" sizes=\"(max-width: 220px) 100vw, 220px\" \/><\/p>\n\n\n\n<p><br>(2)  <strong>Into myPlanet<\/strong><\/p>\n\n\n\n<p>Regie: Armine Vosganian<\/p>\n\n\n\n<p class=\"has-small-font-size\"><em>Into myPlanet:&nbsp; Martian,<\/em>&nbsp;&nbsp; film, 9\u201907\u201d&nbsp;         <style>@font-face {font-family:Calibri; panose-1:0 0 0 0 0 0 0 0 0 0; mso-font-alt:Arial; mso-font-charset:77; mso-generic-font-family:roman; mso-font-format:other; mso-font-pitch:auto; mso-font-signature:3 0 0 0 1 0;}p.MsoNormal, li.MsoNormal, div.MsoNormal {mso-style-parent:\"\"; margin-top:0in; margin-right:0in; margin-bottom:8.0pt; margin-left:0in; line-height:107%; mso-pagination:widow-orphan; font-size:11.0pt; font-family:\"Times New Roman\"; mso-ascii-font-family:Calibri; mso-ascii-theme-font:minor-latin; mso-fareast-font-family:Calibri; mso-fareast-theme-font:minor-latin; mso-hansi-font-family:Calibri; mso-hansi-theme-font:minor-latin; mso-bidi-font-family:\"Times New Roman\"; mso-bidi-theme-font:minor-bidi; mso-font-kerning:1.0pt; mso-no-proof:yes;}div.Section1 {page:Section1;}<\/style>   <\/p>\n\n\n\n<p class=\"has-small-font-size\"><strong><em>Martian<\/em><\/strong> pr\u00e4sentiert echtes Filmmaterial vom Mars, kombiniert mit 3D-Animationen von Himmelselementen, hinduistischen Symbolen und griechischen Ruinen, die uns an Gott Ares (Vlad&nbsp; Troncea)&nbsp; und die Macht des Krieges erinnern. Wir sehen ihn mit niemandem au\u00dfer sich selbst k\u00e4mpfen. Er ist allein und seine inneren Konflikte platzen und er k\u00e4mpft darum, Frieden zu finden.<\/p>\n\n\n\n<p class=\"has-small-font-size\"><em>Into myPlanet:&nbsp; <\/em><em>Jupiterian<\/em>, film, 9\u201945\u201d<\/p>\n\n\n\n<p class=\"has-small-font-size\"><strong><em>Jupiter<\/em><\/strong> ist eine visuelle Parallele zur Erschaffung der Erde, die gr\u00f6\u00dftenteils von der hinduistischen Legende inspiriert ist. Vishnu, der blaue Gott, der vom Universum tr\u00e4umte, w\u00e4hrend er auf Shesha Naga, der himmlischen Schlange, ruhte. Der Planet Jupiter ist mit Vishnu verwandt, aber wir sehen auch Gott Zeus, weil er die volle Autorit\u00e4t \u00fcber die Menschen hat. Die zweite Figur ist Mutter Erde. <\/p>\n\n\n\n<p><\/p>\n\n\n\n<p class=\"has-small-font-size\">Diese beiden experimentellen Kurzfilme sind Teil des Into myPlanet-Projekts \u2013 einer Multimedia-Show f\u00fcr elektronische Welten, Video-Mapping-Design und Tanz \u2013 und stellen ein komplexes Werk der Komponistin Mihaela Vosganian dar. Die Musik ist inspiriert von kabbalistischer Philosophie, tats\u00e4chlichen Planetenkl\u00e4ngen, die von der NASA transkodiert wurden, und hinduistischen Mantras. Beide St\u00fccke verkn\u00fcpfen visuelle Elemente aus dem Hinduismus wie Chackra-Symbole, altgriechische Schriftzeichen und Planeten. Choreographie-Liliana Iorgulescu; aufgef\u00fchrt von Vlad Troncea; virtuelle Szenografie \u2013 Ciprian Facaeru und Andrei Paun; Kamera: Andrei Cristian Vladescu; Regie: Armine Vosganian.<\/p>\n\n\n\n<p class=\"has-small-font-size\">Musikalisches Konzept von Mihaela Vosganian; Choreographiekonzept von Liliana Iorgulescu; Darsteller: Liliana Iorgulescu, Andreea Duta; virtuelle Szenografie: Ciprian Facaeru; Videografie: Cristian Vladescu und Armine Vosganian; Regie: Armine Vosganian.<\/p>\n\n\n\n<p><\/p>\n\n\n\n<p class=\"has-small-font-size\"><strong>Biografie<\/strong><\/p>\n\n\n\n<p class=\"has-small-font-size\">Armine Vosganian ist eine rum\u00e4nisch-armenische Schauspielerin und Filmregisseurin. Sie schloss 2014 ihr Studium der Schauspiel- und Filmregie an der Nationalen Universit\u00e4t f\u00fcr Theaterkunst und Kinematographie in Bukarest, Rum\u00e4nien, ab, setzte ihre Ausbildung an der London Film School f\u00fcr ein MA-Filmprogramm fort und wurde Doktorin in Kino- und Medienwissenschaften. Sie hat mehrere Spielfilme geschrieben und Regie gef\u00fchrt und die Romane ihres Vaters (Varujan Vosganian) und die Musikopern ihrer Mutter (Mihaela Vosganian) auf der Leinwand und auf internationalen B\u00fchnen adaptiert. Sie ist Mitbegr\u00fcnderin des Rampa-Theaters und eine der Pionierinnen des rum\u00e4nischen Telematiktheaters, das ihr von der Theaterregisseurin Marina Hanganu vorgestellt wurde. Derzeit dokumentiert Armine die armenische Diaspora im Kino.<\/p>","protected":false},"excerpt":{"rendered":"<p>zur Finissage, Sonntag, 9. Juli, 2023, um 17:00 Uhr Eintritt ist frei. Wir freuen uns auf Ihren Besuch english fran\u00e7ais Die ausgestellten Werke der Show &#8222;Im Osten nichts Neues,&#8220; insbesondere die Serie \u201eGelb\u201c von&nbsp;Gega Paksashvili, sprechen uns an mit ihrer eigenen provokativen Sprache; die Fotografien, Grafikdrucke, Gem\u00e4lde und Objekte von Kristina Bajilo, Alina Panasenko, Mensud [&hellip;]<\/p>\n","protected":false},"author":1,"featured_media":0,"parent":0,"menu_order":0,"comment_status":"closed","ping_status":"closed","template":"","meta":{"footnotes":""},"class_list":["post-1180","page","type-page","status-publish","hentry"],"_links":{"self":[{"href":"https:\/\/gallery-puzic.com\/en\/wp-json\/wp\/v2\/pages\/1180","targetHints":{"allow":["GET"]}}],"collection":[{"href":"https:\/\/gallery-puzic.com\/en\/wp-json\/wp\/v2\/pages"}],"about":[{"href":"https:\/\/gallery-puzic.com\/en\/wp-json\/wp\/v2\/types\/page"}],"author":[{"embeddable":true,"href":"https:\/\/gallery-puzic.com\/en\/wp-json\/wp\/v2\/users\/1"}],"replies":[{"embeddable":true,"href":"https:\/\/gallery-puzic.com\/en\/wp-json\/wp\/v2\/comments?post=1180"}],"version-history":[{"count":20,"href":"https:\/\/gallery-puzic.com\/en\/wp-json\/wp\/v2\/pages\/1180\/revisions"}],"predecessor-version":[{"id":1548,"href":"https:\/\/gallery-puzic.com\/en\/wp-json\/wp\/v2\/pages\/1180\/revisions\/1548"}],"wp:attachment":[{"href":"https:\/\/gallery-puzic.com\/en\/wp-json\/wp\/v2\/media?parent=1180"}],"curies":[{"name":"wp","href":"https:\/\/api.w.org\/{rel}","templated":true}]}}