{"id":1155,"date":"2023-05-27T10:30:30","date_gmt":"2023-05-27T10:30:30","guid":{"rendered":"https:\/\/gallery-puzic.com\/?page_id=1155"},"modified":"2023-08-03T13:18:21","modified_gmt":"2023-08-03T13:18:21","slug":"vernissage-im-osten-nichts-neues","status":"publish","type":"page","link":"https:\/\/gallery-puzic.com\/en\/vernissage-im-osten-nichts-neues\/","title":{"rendered":"&#8222;Im Osten nichts Neues&#8220;"},"content":{"rendered":"<div class=\"wp-block-cover alignfull is-light has-parallax\"><span aria-hidden=\"true\" class=\"wp-block-cover__background has-background-dim-0 has-background-dim\"><\/span><div role=\"img\" class=\"wp-block-cover__image-background wp-image-1186 has-parallax\" style=\"background-position:50% 50%;background-image:url(https:\/\/gallery-puzic.com\/wp-content\/uploads\/2023\/06\/Gega-Paksashvili-Satisfaction.png)\"><\/div><div class=\"wp-block-cover__inner-container is-layout-flow wp-block-cover-is-layout-flow\">\n<p class=\"has-text-align-center has-large-font-size\"><\/p>\n<\/div><\/div>\n\n\n\n<p class=\"has-text-align-center\" style=\"font-size:12px\">Gega Paksashvili, <em>Satisfaction<\/em>, Acrylic, marker on canvas, 138&#215;194 cm, 2021<\/p>\n\n\n\n<div class=\"wp-block-columns is-layout-flex wp-container-core-columns-is-layout-28f84493 wp-block-columns-is-layout-flex\">\n<div class=\"wp-block-column is-layout-flow wp-block-column-is-layout-flow\">\n<p><a href=\"https:\/\/gallery-puzic.com\/en\/invitation-im-osten-nichts-neues\/\" target=\"_blank\" rel=\"noreferrer noopener\"><em>english press relea<\/em>se<\/a><\/p>\n<\/div>\n\n\n\n<div class=\"wp-block-column is-layout-flow wp-block-column-is-layout-flow\">\n<p><em><a href=\"https:\/\/gallery-puzic.com\/en\/invitation-a-lest-rien-de-nouveau\/\" target=\"_blank\" rel=\"noreferrer noopener\">communiqu\u00e9 de presse &#8211; fran\u00e7ais<\/a><\/em><\/p>\n<\/div>\n<\/div>\n\n\n\n<p style=\"font-size:40px\"><\/p>\n\n\n\n<p><strong>Vernissage \u2013 Dienstag, 13. 6., ab 18 Uhr<\/strong>, mit multimedialen Werken von Gega Paksashvili, Kristina Bajilo, Alina Panasenko, Mensud Ke\u010do, Esad Puzi\u0107, Gordana Novakovi\u0107, Rastko Novakovi\u0107 &amp; Beatri\u010d\u0117 Bukantyt\u0117, und Armine Vosganian, sowie eines Romanfragments von Aka Mortschiladze (vorgetragen von Irakli<br>Rukhadze), mit Er\u00f6ffnungskonzert (Grigor Asmaryan, Artur Kurghinyan)<br><strong><br>2. Konzert, Mittwoch, 14.6., ab 19:00<\/strong> (Musik aus Georgien und Armenien, mit Tamara Meschwelischwili, Violine und Gesang; Paul Gurti, Klavier; Dali Zimmermann, Gesang; Artur Kurghinyan, Violine; Grigori Meschwelischwili, Grigor Asmaryan, &amp; Sophie Batlidze, Klavier)<br><br><strong>3. Konzert, Donnerstag, 15.6., ab 19:00<\/strong> (Deutsche Komponisten, mit Max-Bruch-Trio: Grigor Asmaryan, J\u00f6rg Lieser, Marlene Simmendinger).<\/p>\n\n\n\n<p><em>Dauer der Ausstellung: 13. Juni 2023 \u2013 11. Juli 2023 Johannisstrasse 3A, 66111 Saarbr\u00fccken<\/em><\/p>\n\n\n\n<p>  <img fetchpriority=\"high\" decoding=\"async\" width=\"305\" height=\"171\" class=\"wp-image-1205\" style=\"width: 305px;\" src=\"https:\/\/gallery-puzic.com\/wp-content\/uploads\/2023\/06\/Publikum-bei-Vernissage.png\" alt=\"\" srcset=\"https:\/\/gallery-puzic.com\/wp-content\/uploads\/2023\/06\/Publikum-bei-Vernissage.png 2858w, https:\/\/gallery-puzic.com\/wp-content\/uploads\/2023\/06\/Publikum-bei-Vernissage-300x168.png 300w, https:\/\/gallery-puzic.com\/wp-content\/uploads\/2023\/06\/Publikum-bei-Vernissage-1024x573.png 1024w, https:\/\/gallery-puzic.com\/wp-content\/uploads\/2023\/06\/Publikum-bei-Vernissage-768x430.png 768w, https:\/\/gallery-puzic.com\/wp-content\/uploads\/2023\/06\/Publikum-bei-Vernissage-1536x860.png 1536w, https:\/\/gallery-puzic.com\/wp-content\/uploads\/2023\/06\/Publikum-bei-Vernissage-2048x1147.png 2048w\" sizes=\"(max-width: 305px) 100vw, 305px\" \/>   <img decoding=\"async\" width=\"308\" height=\"173\" class=\"wp-image-1204\" style=\"width: 308px;\" src=\"https:\/\/gallery-puzic.com\/wp-content\/uploads\/2023\/06\/concert3.png\" alt=\"\" srcset=\"https:\/\/gallery-puzic.com\/wp-content\/uploads\/2023\/06\/concert3.png 2866w, https:\/\/gallery-puzic.com\/wp-content\/uploads\/2023\/06\/concert3-300x168.png 300w, https:\/\/gallery-puzic.com\/wp-content\/uploads\/2023\/06\/concert3-1024x575.png 1024w, https:\/\/gallery-puzic.com\/wp-content\/uploads\/2023\/06\/concert3-768x431.png 768w, https:\/\/gallery-puzic.com\/wp-content\/uploads\/2023\/06\/concert3-1536x862.png 1536w, https:\/\/gallery-puzic.com\/wp-content\/uploads\/2023\/06\/concert3-2048x1149.png 2048w\" sizes=\"(max-width: 308px) 100vw, 308px\" \/> <\/p>\n\n\n\n<p class=\"has-small-font-size\">        <em>Er\u00f6ffnungsabend, 13. Juni, mit Grigor Asmaryan &amp; Artur Kurghinyan (Klavier\/Violine) <\/em>                                              <br><br>Gallery Puzi\u0107 veranstaltet eine grosse Vernissage mit multimedialen Werken verschiedener K\u00fcnstler:innen aus dem Osten Europas ein, verbunden mit einem dreit\u00e4gigen Musikfestival, das jeweils abends am 13., 14. &amp; 15. Juni in den R\u00e4umen der Galerie stattfindet.<\/p>\n\n\n\n<figure class=\"wp-block-image size-large\"><img decoding=\"async\" width=\"1024\" height=\"683\" src=\"https:\/\/gallery-puzic.com\/wp-content\/uploads\/2023\/06\/Vernissage-Im-Osten-nichts-Neues-Saengerin-1024x683.jpg\" alt=\"\" class=\"wp-image-1353\" srcset=\"https:\/\/gallery-puzic.com\/wp-content\/uploads\/2023\/06\/Vernissage-Im-Osten-nichts-Neues-Saengerin-1024x683.jpg 1024w, https:\/\/gallery-puzic.com\/wp-content\/uploads\/2023\/06\/Vernissage-Im-Osten-nichts-Neues-Saengerin-300x200.jpg 300w, https:\/\/gallery-puzic.com\/wp-content\/uploads\/2023\/06\/Vernissage-Im-Osten-nichts-Neues-Saengerin-768x512.jpg 768w, https:\/\/gallery-puzic.com\/wp-content\/uploads\/2023\/06\/Vernissage-Im-Osten-nichts-Neues-Saengerin-1536x1024.jpg 1536w, https:\/\/gallery-puzic.com\/wp-content\/uploads\/2023\/06\/Vernissage-Im-Osten-nichts-Neues-Saengerin-2048x1365.jpg 2048w\" sizes=\"(max-width: 1024px) 100vw, 1024px\" \/><\/figure>\n\n\n\n<p>  <img loading=\"lazy\" decoding=\"async\" width=\"290\" height=\"168\" class=\"wp-image-1230\" style=\"width: 290px;\" src=\"https:\/\/gallery-puzic.com\/wp-content\/uploads\/2023\/06\/Publikum-bei-Vernissage2.png\" alt=\"\" srcset=\"https:\/\/gallery-puzic.com\/wp-content\/uploads\/2023\/06\/Publikum-bei-Vernissage2.png 2775w, https:\/\/gallery-puzic.com\/wp-content\/uploads\/2023\/06\/Publikum-bei-Vernissage2-300x174.png 300w, https:\/\/gallery-puzic.com\/wp-content\/uploads\/2023\/06\/Publikum-bei-Vernissage2-1024x594.png 1024w, https:\/\/gallery-puzic.com\/wp-content\/uploads\/2023\/06\/Publikum-bei-Vernissage2-768x446.png 768w, https:\/\/gallery-puzic.com\/wp-content\/uploads\/2023\/06\/Publikum-bei-Vernissage2-1536x891.png 1536w, https:\/\/gallery-puzic.com\/wp-content\/uploads\/2023\/06\/Publikum-bei-Vernissage2-2048x1188.png 2048w\" sizes=\"(max-width: 290px) 100vw, 290px\" \/>       <img loading=\"lazy\" decoding=\"async\" width=\"300\" height=\"169\" class=\"wp-image-1243\" style=\"width: 300px;\" src=\"https:\/\/gallery-puzic.com\/wp-content\/uploads\/2023\/06\/Day-2-concert-8-Dali-Zimmermann.png\" alt=\"\" srcset=\"https:\/\/gallery-puzic.com\/wp-content\/uploads\/2023\/06\/Day-2-concert-8-Dali-Zimmermann.png 2847w, https:\/\/gallery-puzic.com\/wp-content\/uploads\/2023\/06\/Day-2-concert-8-Dali-Zimmermann-300x169.png 300w, https:\/\/gallery-puzic.com\/wp-content\/uploads\/2023\/06\/Day-2-concert-8-Dali-Zimmermann-1024x578.png 1024w, https:\/\/gallery-puzic.com\/wp-content\/uploads\/2023\/06\/Day-2-concert-8-Dali-Zimmermann-768x434.png 768w, https:\/\/gallery-puzic.com\/wp-content\/uploads\/2023\/06\/Day-2-concert-8-Dali-Zimmermann-1536x867.png 1536w, https:\/\/gallery-puzic.com\/wp-content\/uploads\/2023\/06\/Day-2-concert-8-Dali-Zimmermann-2048x1156.png 2048w\" sizes=\"(max-width: 300px) 100vw, 300px\" \/><br><em>Im Osten nichts Neues<\/em> setzt ein Ausrufezeichen hinter die Fragen \u201eWo ist Heimat,\u201c \u201eWo ist der Krieg,\u201c \u201eWelche rote Linie zieht sich durch die Geschichte der V\u00f6lker,\u201c \u201eWas ist ein Migrationshintergrund,\u201c \u201eGibt es eine Sprache der Sonne\u201c, \u201eWas bedeutet es, Krieg zu erleben\u201c&#8230;<br><br>Die vielf\u00e4ltigen Werke und Performances dieses k\u00fcnstlerischen Experiments der Galerie fordern dazu auf, menschliche Sprachen und Ausdrucksformen in jedweder Hinsicht auf ihre M\u00f6glichkeiten und Grenzen zu hinterfragen, um gerade den scheinbaren Widerspruch (der Osten des Westens?) zu \u00fcberwinden, der uns bei Verst\u00e4ndigungen und \u00dcbersetzungen, also dem Miss-Verstehen \u2013 Walter Benjamin sprach einmal von der <em>Aufgabe des \u00dcbersetzers<\/em> \u2013 immer wieder entgegenleuchtet.<\/p>\n\n\n\n<p><img loading=\"lazy\" decoding=\"async\" width=\"320\" height=\"213\" class=\"wp-image-1284\" style=\"width: 320px;\" src=\"https:\/\/gallery-puzic.com\/wp-content\/uploads\/2023\/06\/opening-gallery-talk-jb2-scaled.jpg\" alt=\"\" srcset=\"https:\/\/gallery-puzic.com\/wp-content\/uploads\/2023\/06\/opening-gallery-talk-jb2-scaled.jpg 2560w, https:\/\/gallery-puzic.com\/wp-content\/uploads\/2023\/06\/opening-gallery-talk-jb2-300x200.jpg 300w, https:\/\/gallery-puzic.com\/wp-content\/uploads\/2023\/06\/opening-gallery-talk-jb2-1024x683.jpg 1024w, https:\/\/gallery-puzic.com\/wp-content\/uploads\/2023\/06\/opening-gallery-talk-jb2-768x512.jpg 768w, https:\/\/gallery-puzic.com\/wp-content\/uploads\/2023\/06\/opening-gallery-talk-jb2-1536x1024.jpg 1536w, https:\/\/gallery-puzic.com\/wp-content\/uploads\/2023\/06\/opening-gallery-talk-jb2-2048x1365.jpg 2048w\" sizes=\"(max-width: 320px) 100vw, 320px\" \/>  <img loading=\"lazy\" decoding=\"async\" width=\"300\" height=\"225\" class=\"wp-image-1235\" style=\"width: 300px;\" src=\"https:\/\/gallery-puzic.com\/wp-content\/uploads\/2023\/06\/Room1_Panasenko-Pusic.jpg\" alt=\"\" srcset=\"https:\/\/gallery-puzic.com\/wp-content\/uploads\/2023\/06\/Room1_Panasenko-Pusic.jpg 2048w, https:\/\/gallery-puzic.com\/wp-content\/uploads\/2023\/06\/Room1_Panasenko-Pusic-300x225.jpg 300w, https:\/\/gallery-puzic.com\/wp-content\/uploads\/2023\/06\/Room1_Panasenko-Pusic-1024x768.jpg 1024w, https:\/\/gallery-puzic.com\/wp-content\/uploads\/2023\/06\/Room1_Panasenko-Pusic-768x576.jpg 768w, https:\/\/gallery-puzic.com\/wp-content\/uploads\/2023\/06\/Room1_Panasenko-Pusic-1536x1152.jpg 1536w\" sizes=\"(max-width: 300px) 100vw, 300px\" \/><br><br>Der vor kurzem verstorbene bosnische Schriftsteller D\u017eevad Karahasan schrieb, w\u00e4hrend der Belagerung Sarajevos und bevor die Stadt in weiten Teilen zerst\u00f6rt wurde: \u201eIch verstummte und versp\u00fcrte eine wahnsinnige K\u00e4lte, wahrscheinlich hatte etwas in mir begriffen, dass eine Welt ausgel\u00f6scht worden war, die einzige, die ich gekannt und bewohnt hatte\u201c (<em>Der Trost des Nachthimmels<\/em>).<br><br><em>Im Osten nichts Neues<\/em> erinnert an das angegriffene, verst\u00f6rte Ged\u00e4chtnis, aber auch an <em>umut<\/em> (Hoffnung), vielleicht an Trost sowie makabre Anwandlungen und schwarzen Humor, \u00dcberlebenswillen. Die ausgestellten Werke, insbesondere die Serie \u201eGelb\u201c von Gega Paksashvili, sprechen uns an mit ihrer eigenen Sprache; die Fotografien, Grafikdrucke, Gem\u00e4lde und Objekte von Kristina Bajilo, Alina Panasenko, Mensud Ke\u010do, und Esad Puzi\u0107 werden erg\u00e4nzt durch die Medien-<br>Installation von Gordana Novakovi\u0107. <\/p>\n\n\n\n<p style=\"font-size:0.7rem\"><img loading=\"lazy\" decoding=\"async\" width=\"150\" height=\"225\" class=\"wp-image-1282\" style=\"width: 150px;\" src=\"https:\/\/gallery-puzic.com\/wp-content\/uploads\/2023\/06\/Irakli-Lesung-scaled.jpg\" alt=\"\" srcset=\"https:\/\/gallery-puzic.com\/wp-content\/uploads\/2023\/06\/Irakli-Lesung-scaled.jpg 1707w, https:\/\/gallery-puzic.com\/wp-content\/uploads\/2023\/06\/Irakli-Lesung-200x300.jpg 200w, https:\/\/gallery-puzic.com\/wp-content\/uploads\/2023\/06\/Irakli-Lesung-683x1024.jpg 683w, https:\/\/gallery-puzic.com\/wp-content\/uploads\/2023\/06\/Irakli-Lesung-768x1152.jpg 768w, https:\/\/gallery-puzic.com\/wp-content\/uploads\/2023\/06\/Irakli-Lesung-1024x1536.jpg 1024w, https:\/\/gallery-puzic.com\/wp-content\/uploads\/2023\/06\/Irakli-Lesung-1365x2048.jpg 1365w\" sizes=\"(max-width: 150px) 100vw, 150px\" \/> Irakli Rukhadze  <img loading=\"lazy\" decoding=\"async\" width=\"270\" height=\"203\" class=\"wp-image-1238\" style=\"width: 270px;\" src=\"https:\/\/gallery-puzic.com\/wp-content\/uploads\/2023\/06\/Gordana-Novakovic-installation.jpg\" alt=\"\" srcset=\"https:\/\/gallery-puzic.com\/wp-content\/uploads\/2023\/06\/Gordana-Novakovic-installation.jpg 2048w, https:\/\/gallery-puzic.com\/wp-content\/uploads\/2023\/06\/Gordana-Novakovic-installation-300x225.jpg 300w, https:\/\/gallery-puzic.com\/wp-content\/uploads\/2023\/06\/Gordana-Novakovic-installation-1024x768.jpg 1024w, https:\/\/gallery-puzic.com\/wp-content\/uploads\/2023\/06\/Gordana-Novakovic-installation-768x576.jpg 768w, https:\/\/gallery-puzic.com\/wp-content\/uploads\/2023\/06\/Gordana-Novakovic-installation-1536x1152.jpg 1536w\" sizes=\"(max-width: 270px) 100vw, 270px\" \/> Gordana Novakovi\u0107<\/p>\n\n\n\n<p>Eine Lesung aus Aka Mortschiladzes Roman <em>Die Hunde der Paliaschwilistra\u00dfe<\/em> (\u00fcbersetzt von Irakli Rukhadze) ist ebenso Teil der Er\u00f6ffnung wie das aussergew\u00f6hnliche Musikkonzert-Programm, gestaltet und geleitet von Grigor Asmaryan mit Gastmusiker:innen.<\/p>\n\n\n\n<p><\/p>\n\n\n\n<p>Zur Finissage am 9. Juli wird die Galerie dann eine Film Vorf\u00fchrung anbieten, moit anschliessender Diskussion mit dem Publikum. Es wird gezeigt:<\/p>\n\n\n\n<p><em><strong>Wormwood Mari<\/strong>a<\/em>, von Rastko Novakovi\u0107 &amp; Beatri\u010d\u0117 Bukantyt\u0117 (in Litauen gedreht), <\/p>\n\n\n\n<p>zusammen mit zwei Kurzfilmen \u2013 <em>Martian, Jupiterian<\/em> \u2013 aus dem gr\u00f6sseren multimedialen Projekt <em><strong>Into myPlanet<\/strong><\/em> der transrealistischen K\u00fcnstlerin Armine Vosganian. <\/p>\n\n\n\n<p><br><br><strong>Wir freuen uns auf Ihren Besuch!<\/strong><\/p>\n\n\n\n<p><\/p>\n\n\n\n<p style=\"font-size:0.7rem\">Credits: Photography by Gerhard Schaal &amp; Johannes Birringer (c) 2023<\/p>\n\n\n\n<div style=\"height:100px\" aria-hidden=\"true\" class=\"wp-block-spacer\"><\/div>","protected":false},"excerpt":{"rendered":"<p>Gega Paksashvili, Satisfaction, Acrylic, marker on canvas, 138&#215;194 cm, 2021 english press release communiqu\u00e9 de presse &#8211; fran\u00e7ais Vernissage \u2013 Dienstag, 13. 6., ab 18 Uhr, mit multimedialen Werken von Gega Paksashvili, Kristina Bajilo, Alina Panasenko, Mensud Ke\u010do, Esad Puzi\u0107, Gordana Novakovi\u0107, Rastko Novakovi\u0107 &amp; Beatri\u010d\u0117 Bukantyt\u0117, und Armine Vosganian, sowie eines Romanfragments von Aka [&hellip;]<\/p>\n","protected":false},"author":1,"featured_media":0,"parent":0,"menu_order":0,"comment_status":"closed","ping_status":"closed","template":"","meta":{"footnotes":""},"class_list":["post-1155","page","type-page","status-publish","hentry"],"_links":{"self":[{"href":"https:\/\/gallery-puzic.com\/en\/wp-json\/wp\/v2\/pages\/1155","targetHints":{"allow":["GET"]}}],"collection":[{"href":"https:\/\/gallery-puzic.com\/en\/wp-json\/wp\/v2\/pages"}],"about":[{"href":"https:\/\/gallery-puzic.com\/en\/wp-json\/wp\/v2\/types\/page"}],"author":[{"embeddable":true,"href":"https:\/\/gallery-puzic.com\/en\/wp-json\/wp\/v2\/users\/1"}],"replies":[{"embeddable":true,"href":"https:\/\/gallery-puzic.com\/en\/wp-json\/wp\/v2\/comments?post=1155"}],"version-history":[{"count":26,"href":"https:\/\/gallery-puzic.com\/en\/wp-json\/wp\/v2\/pages\/1155\/revisions"}],"predecessor-version":[{"id":1536,"href":"https:\/\/gallery-puzic.com\/en\/wp-json\/wp\/v2\/pages\/1155\/revisions\/1536"}],"wp:attachment":[{"href":"https:\/\/gallery-puzic.com\/en\/wp-json\/wp\/v2\/media?parent=1155"}],"curies":[{"name":"wp","href":"https:\/\/api.w.org\/{rel}","templated":true}]}}