{"id":1083,"date":"2023-05-10T22:45:21","date_gmt":"2023-05-10T22:45:21","guid":{"rendered":"https:\/\/gallery-puzic.com\/?page_id=1083"},"modified":"2023-05-27T09:45:26","modified_gmt":"2023-05-27T09:45:26","slug":"vernissage-ohne-titel","status":"publish","type":"page","link":"https:\/\/gallery-puzic.com\/en\/vernissage-ohne-titel\/","title":{"rendered":"Vernissage &#8222;Ohne Titel&#8220;"},"content":{"rendered":"<div class=\"wp-block-columns is-layout-flex wp-container-core-columns-is-layout-28f84493 wp-block-columns-is-layout-flex\">\n<div class=\"wp-block-column is-layout-flow wp-block-column-is-layout-flow\">\n<div style=\"height:100px\" aria-hidden=\"true\" class=\"wp-block-spacer\"><\/div>\n<\/div>\n<\/div>\n\n\n\n<div class=\"wp-block-columns alignwide are-vertically-aligned-center is-layout-flex wp-container-core-columns-is-layout-28f84493 wp-block-columns-is-layout-flex\">\n<div class=\"wp-block-column is-vertically-aligned-center is-layout-flow wp-block-column-is-layout-flow\">\n<p class=\"has-text-align-center has-text-color\" style=\"color:#7d7d7d;font-size:30px\">Vernissage &#8222;Ohne Titel&#8220;<br>Schirmherr OB Uwe Conradt und Galerist Esad Puzi\u0107<\/p>\n<\/div>\n\n\n\n<div class=\"wp-block-column is-vertically-aligned-center is-layout-flow wp-block-column-is-layout-flow\">\n<figure class=\"wp-block-image aligncenter size-large\"><img fetchpriority=\"high\" decoding=\"async\" width=\"1536\" height=\"1152\" src=\"https:\/\/gallery-puzic.com\/wp-content\/uploads\/2023\/05\/Esad-Puzic-und-OB-Uwe-Conradt-edited.jpg\" alt=\"Vernissage &quot;Ohne Titel&quot; mit OB Uwe Conradt und Galerist Esad Puzic in der Gallery Puzic\" class=\"wp-image-1091\" srcset=\"https:\/\/gallery-puzic.com\/wp-content\/uploads\/2023\/05\/Esad-Puzic-und-OB-Uwe-Conradt-edited.jpg 1536w, https:\/\/gallery-puzic.com\/wp-content\/uploads\/2023\/05\/Esad-Puzic-und-OB-Uwe-Conradt-edited-300x225.jpg 300w, https:\/\/gallery-puzic.com\/wp-content\/uploads\/2023\/05\/Esad-Puzic-und-OB-Uwe-Conradt-edited-1024x768.jpg 1024w, https:\/\/gallery-puzic.com\/wp-content\/uploads\/2023\/05\/Esad-Puzic-und-OB-Uwe-Conradt-edited-768x576.jpg 768w\" sizes=\"(max-width: 1536px) 100vw, 1536px\" \/><\/figure>\n<\/div>\n<\/div>\n\n\n\n<div style=\"height:100px\" aria-hidden=\"true\" class=\"wp-block-spacer\"><\/div>\n\n\n\n<div class=\"wp-block-columns alignwide is-layout-flex wp-container-core-columns-is-layout-28f84493 wp-block-columns-is-layout-flex\">\n<div class=\"wp-block-column is-layout-flow wp-block-column-is-layout-flow\">\n<figure class=\"wp-block-image size-large\"><img decoding=\"async\" width=\"1024\" height=\"768\" src=\"https:\/\/gallery-puzic.com\/wp-content\/uploads\/2023\/05\/image00006-1024x768.jpeg\" alt=\"Vernissage Gallery Puzic &quot;Ohne Titel&quot;\" class=\"wp-image-1084\" srcset=\"https:\/\/gallery-puzic.com\/wp-content\/uploads\/2023\/05\/image00006-1024x768.jpeg 1024w, https:\/\/gallery-puzic.com\/wp-content\/uploads\/2023\/05\/image00006-300x225.jpeg 300w, https:\/\/gallery-puzic.com\/wp-content\/uploads\/2023\/05\/image00006-768x576.jpeg 768w, https:\/\/gallery-puzic.com\/wp-content\/uploads\/2023\/05\/image00006-1536x1152.jpeg 1536w, https:\/\/gallery-puzic.com\/wp-content\/uploads\/2023\/05\/image00006-2048x1536.jpeg 2048w\" sizes=\"(max-width: 1024px) 100vw, 1024px\" \/><\/figure>\n\n\n\n<figure class=\"wp-block-image aligncenter size-large is-resized\"><img decoding=\"async\" src=\"https:\/\/gallery-puzic.com\/wp-content\/uploads\/2023\/05\/image00026-edited-scaled.jpeg\" alt=\"Vernissage Gallery Puzic M. Brock und Silke Br\u00f6sskamp\" class=\"wp-image-1087\" width=\"578\" srcset=\"https:\/\/gallery-puzic.com\/wp-content\/uploads\/2023\/05\/image00026-edited-scaled.jpeg 2560w, https:\/\/gallery-puzic.com\/wp-content\/uploads\/2023\/05\/image00026-edited-300x169.jpeg 300w, https:\/\/gallery-puzic.com\/wp-content\/uploads\/2023\/05\/image00026-edited-1024x576.jpeg 1024w, https:\/\/gallery-puzic.com\/wp-content\/uploads\/2023\/05\/image00026-edited-768x432.jpeg 768w, https:\/\/gallery-puzic.com\/wp-content\/uploads\/2023\/05\/image00026-edited-1536x864.jpeg 1536w, https:\/\/gallery-puzic.com\/wp-content\/uploads\/2023\/05\/image00026-edited-2048x1152.jpeg 2048w\" sizes=\"(max-width: 2560px) 100vw, 2560px\" \/><\/figure>\n<\/div>\n\n\n\n<div class=\"wp-block-column is-layout-flow wp-block-column-is-layout-flow\">\n<div class=\"wp-block-columns is-layout-flex wp-container-core-columns-is-layout-28f84493 wp-block-columns-is-layout-flex\">\n<div class=\"wp-block-column is-layout-flow wp-block-column-is-layout-flow\">\n<figure class=\"wp-block-image size-large is-resized\"><img decoding=\"async\" src=\"https:\/\/gallery-puzic.com\/wp-content\/uploads\/2023\/05\/image00002-768x1024.jpeg\" alt=\"Vernissage Gallery Puzic Matthias Brock\" class=\"wp-image-1085\" width=\"588\" height=\"783\" srcset=\"https:\/\/gallery-puzic.com\/wp-content\/uploads\/2023\/05\/image00002-768x1024.jpeg 768w, https:\/\/gallery-puzic.com\/wp-content\/uploads\/2023\/05\/image00002-225x300.jpeg 225w, https:\/\/gallery-puzic.com\/wp-content\/uploads\/2023\/05\/image00002-1152x1536.jpeg 1152w, https:\/\/gallery-puzic.com\/wp-content\/uploads\/2023\/05\/image00002-1536x2048.jpeg 1536w, https:\/\/gallery-puzic.com\/wp-content\/uploads\/2023\/05\/image00002-scaled.jpeg 1920w\" sizes=\"(max-width: 588px) 100vw, 588px\" \/><\/figure>\n<\/div>\n<\/div>\n<\/div>\n<\/div>\n\n\n\n<div style=\"height:100px\" aria-hidden=\"true\" class=\"wp-block-spacer\"><\/div>\n\n\n\n<div class=\"wp-block-columns alignwide is-layout-flex wp-container-core-columns-is-layout-28f84493 wp-block-columns-is-layout-flex\">\n<div class=\"wp-block-column is-layout-flow wp-block-column-is-layout-flow\">\n<figure class=\"wp-block-image size-large\"><img loading=\"lazy\" decoding=\"async\" width=\"768\" height=\"1024\" src=\"https:\/\/gallery-puzic.com\/wp-content\/uploads\/2023\/05\/Matthias-Brock-Gallery-Puzic-768x1024.jpeg\" alt=\"Matthias Brock Gallery Puzic\" class=\"wp-image-1092\" srcset=\"https:\/\/gallery-puzic.com\/wp-content\/uploads\/2023\/05\/Matthias-Brock-Gallery-Puzic-768x1024.jpeg 768w, https:\/\/gallery-puzic.com\/wp-content\/uploads\/2023\/05\/Matthias-Brock-Gallery-Puzic-225x300.jpeg 225w, https:\/\/gallery-puzic.com\/wp-content\/uploads\/2023\/05\/Matthias-Brock-Gallery-Puzic-1152x1536.jpeg 1152w, https:\/\/gallery-puzic.com\/wp-content\/uploads\/2023\/05\/Matthias-Brock-Gallery-Puzic-1536x2048.jpeg 1536w, https:\/\/gallery-puzic.com\/wp-content\/uploads\/2023\/05\/Matthias-Brock-Gallery-Puzic-scaled.jpeg 1920w\" sizes=\"(max-width: 768px) 100vw, 768px\" \/><\/figure>\n<\/div>\n\n\n\n<div class=\"wp-block-column is-vertically-aligned-center is-layout-flow wp-block-column-is-layout-flow\">\n<p class=\"has-text-align-center has-base-background-color has-text-color has-background\" style=\"color:#7d7d7d;font-size:30px\">Matthias Brock<br>K\u00fcnstler aus K\u00f6ln<\/p>\n<\/div>\n<\/div>\n\n\n\n<div style=\"height:100px\" aria-hidden=\"true\" class=\"wp-block-spacer\"><\/div>\n\n\n\n<div class=\"wp-block-columns alignwide are-vertically-aligned-top is-layout-flex wp-container-core-columns-is-layout-28f84493 wp-block-columns-is-layout-flex\">\n<div class=\"wp-block-column is-vertically-aligned-top is-layout-flow wp-block-column-is-layout-flow\">\n<figure class=\"wp-block-image size-large\"><img loading=\"lazy\" decoding=\"async\" width=\"768\" height=\"1024\" src=\"https:\/\/gallery-puzic.com\/wp-content\/uploads\/2023\/05\/image00013-768x1024.jpeg\" alt=\"Gallery Puzic Johannis Birringer Vortrag Ausstellung &quot;Ohne Titel&quot;\" class=\"wp-image-1095\" srcset=\"https:\/\/gallery-puzic.com\/wp-content\/uploads\/2023\/05\/image00013-768x1024.jpeg 768w, https:\/\/gallery-puzic.com\/wp-content\/uploads\/2023\/05\/image00013-225x300.jpeg 225w, https:\/\/gallery-puzic.com\/wp-content\/uploads\/2023\/05\/image00013-1152x1536.jpeg 1152w, https:\/\/gallery-puzic.com\/wp-content\/uploads\/2023\/05\/image00013-1536x2048.jpeg 1536w, https:\/\/gallery-puzic.com\/wp-content\/uploads\/2023\/05\/image00013-scaled.jpeg 1920w\" sizes=\"(max-width: 768px) 100vw, 768px\" \/><\/figure>\n<\/div>\n\n\n\n<div class=\"wp-block-column is-layout-flow wp-block-column-is-layout-flow\">\n<div class=\"wp-block-columns is-layout-flex wp-container-core-columns-is-layout-28f84493 wp-block-columns-is-layout-flex\">\n<div class=\"wp-block-column is-layout-flow wp-block-column-is-layout-flow\">\n<figure class=\"wp-block-image size-large\"><img loading=\"lazy\" decoding=\"async\" width=\"1024\" height=\"768\" src=\"https:\/\/gallery-puzic.com\/wp-content\/uploads\/2023\/05\/image00010-1024x768.jpeg\" alt=\"Gallery Puzic Vortrag Johannis Birringer, Matthias Brock, Silke Br\u00f6sskamp\" class=\"wp-image-1096\" srcset=\"https:\/\/gallery-puzic.com\/wp-content\/uploads\/2023\/05\/image00010-1024x768.jpeg 1024w, https:\/\/gallery-puzic.com\/wp-content\/uploads\/2023\/05\/image00010-300x225.jpeg 300w, https:\/\/gallery-puzic.com\/wp-content\/uploads\/2023\/05\/image00010-768x576.jpeg 768w, https:\/\/gallery-puzic.com\/wp-content\/uploads\/2023\/05\/image00010-1536x1152.jpeg 1536w, https:\/\/gallery-puzic.com\/wp-content\/uploads\/2023\/05\/image00010-2048x1536.jpeg 2048w\" sizes=\"(max-width: 1024px) 100vw, 1024px\" \/><\/figure>\n<\/div>\n<\/div>\n\n\n\n<div class=\"wp-block-columns are-vertically-aligned-center is-layout-flex wp-container-core-columns-is-layout-0884d4d2 wp-block-columns-is-layout-flex\" style=\"margin-top:var(--wp--preset--spacing--50);margin-bottom:var(--wp--preset--spacing--50)\">\n<div class=\"wp-block-column is-vertically-aligned-center is-layout-flow wp-block-column-is-layout-flow\">\n<p class=\"has-text-align-center has-text-color\" style=\"color:#7d7d7d;font-size:30px\">Johannis Birringer h\u00e4lt einen spannenden Vortrag zu den Werken der K\u00fcnstler:innen M. Brock und S. Br\u00f6sskamp<\/p>\n\n\n\n<div class=\"wp-block-buttons is-content-justification-center is-layout-flex wp-container-core-buttons-is-layout-a89b3969 wp-block-buttons-is-layout-flex\">\n<div class=\"wp-block-button has-custom-font-size has-medium-font-size\"><a class=\"wp-block-button__link has-base-color has-contrast-background-color has-text-color has-background wp-element-button\" href=\"https:\/\/gallery-puzic.com\/en\/matthias-brock-silke-broesskamp\/die-einsamkeit-ist-ueberreif-geworden\/\" style=\"padding-right:var(--wp--preset--spacing--40);padding-left:var(--wp--preset--spacing--40)\"><strong>Artikel<\/strong><\/a><\/div>\n<\/div>\n<\/div>\n<\/div>\n<\/div>\n<\/div>\n\n\n\n<div style=\"height:100px\" aria-hidden=\"true\" class=\"wp-block-spacer\"><\/div>\n\n\n\n<div class=\"wp-block-columns alignwide are-vertically-aligned-center is-layout-flex wp-container-core-columns-is-layout-28f84493 wp-block-columns-is-layout-flex\">\n<div class=\"wp-block-column is-vertically-aligned-center is-layout-flow wp-block-column-is-layout-flow\">\n<figure class=\"wp-block-image aligncenter size-large\"><img loading=\"lazy\" decoding=\"async\" width=\"1024\" height=\"768\" src=\"https:\/\/gallery-puzic.com\/wp-content\/uploads\/2023\/05\/image00001-1024x768.jpeg\" alt=\"Galler Puzic Vernissage &quot;Ohne Titel&quot;\" class=\"wp-image-1101\" srcset=\"https:\/\/gallery-puzic.com\/wp-content\/uploads\/2023\/05\/image00001-1024x768.jpeg 1024w, https:\/\/gallery-puzic.com\/wp-content\/uploads\/2023\/05\/image00001-300x225.jpeg 300w, https:\/\/gallery-puzic.com\/wp-content\/uploads\/2023\/05\/image00001-768x576.jpeg 768w, https:\/\/gallery-puzic.com\/wp-content\/uploads\/2023\/05\/image00001-1536x1152.jpeg 1536w, https:\/\/gallery-puzic.com\/wp-content\/uploads\/2023\/05\/image00001-2048x1536.jpeg 2048w\" sizes=\"(max-width: 1024px) 100vw, 1024px\" \/><\/figure>\n<\/div>\n\n\n\n<div class=\"wp-block-column is-vertically-aligned-center is-layout-flow wp-block-column-is-layout-flow\">\n<figure class=\"wp-block-image aligncenter size-large\"><img loading=\"lazy\" decoding=\"async\" width=\"1024\" height=\"768\" src=\"https:\/\/gallery-puzic.com\/wp-content\/uploads\/2023\/05\/image00007-1024x768.jpeg\" alt=\"Galler Puzic Vernissage &quot;Ohne Titel&quot;\" class=\"wp-image-1102\" srcset=\"https:\/\/gallery-puzic.com\/wp-content\/uploads\/2023\/05\/image00007-1024x768.jpeg 1024w, https:\/\/gallery-puzic.com\/wp-content\/uploads\/2023\/05\/image00007-300x225.jpeg 300w, https:\/\/gallery-puzic.com\/wp-content\/uploads\/2023\/05\/image00007-768x576.jpeg 768w, https:\/\/gallery-puzic.com\/wp-content\/uploads\/2023\/05\/image00007-1536x1152.jpeg 1536w, https:\/\/gallery-puzic.com\/wp-content\/uploads\/2023\/05\/image00007-2048x1536.jpeg 2048w\" sizes=\"(max-width: 1024px) 100vw, 1024px\" \/><\/figure>\n<\/div>\n\n\n\n<div class=\"wp-block-column is-vertically-aligned-center is-layout-flow wp-block-column-is-layout-flow\">\n<figure class=\"wp-block-image aligncenter size-full is-resized\"><img loading=\"lazy\" decoding=\"async\" src=\"https:\/\/gallery-puzic.com\/wp-content\/uploads\/2023\/05\/Struggle-Brock.png\" alt=\"Struggle - M. Brock\" class=\"wp-image-1041\" width=\"377\" height=\"377\" srcset=\"https:\/\/gallery-puzic.com\/wp-content\/uploads\/2023\/05\/Struggle-Brock.png 782w, https:\/\/gallery-puzic.com\/wp-content\/uploads\/2023\/05\/Struggle-Brock-300x300.png 300w, https:\/\/gallery-puzic.com\/wp-content\/uploads\/2023\/05\/Struggle-Brock-150x150.png 150w, https:\/\/gallery-puzic.com\/wp-content\/uploads\/2023\/05\/Struggle-Brock-768x768.png 768w\" sizes=\"(max-width: 377px) 100vw, 377px\" \/><\/figure>\n<\/div>\n<\/div>\n\n\n\n<div style=\"height:100px\" aria-hidden=\"true\" class=\"wp-block-spacer\"><\/div>\n\n\n\n<div class=\"wp-block-columns alignwide is-layout-flex wp-container-core-columns-is-layout-28f84493 wp-block-columns-is-layout-flex\">\n<div class=\"wp-block-column is-vertically-aligned-center is-layout-flow wp-block-column-is-layout-flow\">\n<figure class=\"wp-block-image size-full\"><img loading=\"lazy\" decoding=\"async\" width=\"783\" height=\"783\" src=\"https:\/\/gallery-puzic.com\/wp-content\/uploads\/2023\/05\/Serie-fail-to-see-S.-Broesskamp-20-1.jpg\" alt=\"Gallery Puzic Silke Br\u00f6sskamp\" class=\"wp-image-1104\" srcset=\"https:\/\/gallery-puzic.com\/wp-content\/uploads\/2023\/05\/Serie-fail-to-see-S.-Broesskamp-20-1.jpg 783w, https:\/\/gallery-puzic.com\/wp-content\/uploads\/2023\/05\/Serie-fail-to-see-S.-Broesskamp-20-1-300x300.jpg 300w, https:\/\/gallery-puzic.com\/wp-content\/uploads\/2023\/05\/Serie-fail-to-see-S.-Broesskamp-20-1-150x150.jpg 150w, https:\/\/gallery-puzic.com\/wp-content\/uploads\/2023\/05\/Serie-fail-to-see-S.-Broesskamp-20-1-768x768.jpg 768w\" sizes=\"(max-width: 783px) 100vw, 783px\" \/><\/figure>\n<\/div>\n\n\n\n<div class=\"wp-block-column is-layout-flow wp-block-column-is-layout-flow\">\n<figure class=\"wp-block-image size-large\"><img loading=\"lazy\" decoding=\"async\" width=\"768\" height=\"1024\" src=\"https:\/\/gallery-puzic.com\/wp-content\/uploads\/2023\/05\/image00024-768x1024.jpeg\" alt=\"Galler Puzic Vernissage &quot;Ohne Titel&quot; Silke Br\u00f6sskamp\" class=\"wp-image-1103\" srcset=\"https:\/\/gallery-puzic.com\/wp-content\/uploads\/2023\/05\/image00024-768x1024.jpeg 768w, https:\/\/gallery-puzic.com\/wp-content\/uploads\/2023\/05\/image00024-225x300.jpeg 225w, https:\/\/gallery-puzic.com\/wp-content\/uploads\/2023\/05\/image00024-1152x1536.jpeg 1152w, https:\/\/gallery-puzic.com\/wp-content\/uploads\/2023\/05\/image00024-1536x2048.jpeg 1536w, https:\/\/gallery-puzic.com\/wp-content\/uploads\/2023\/05\/image00024-scaled.jpeg 1920w\" sizes=\"(max-width: 768px) 100vw, 768px\" \/><\/figure>\n<\/div>\n<\/div>\n\n\n\n<div style=\"height:100px\" aria-hidden=\"true\" class=\"wp-block-spacer\"><\/div>\n\n\n\n<div class=\"wp-block-buttons is-content-justification-center is-layout-flex wp-container-core-buttons-is-layout-a89b3969 wp-block-buttons-is-layout-flex\">\n<div class=\"wp-block-button is-style-outline is-style-outline--1\"><a class=\"wp-block-button__link has-text-align-center wp-element-button\" href=\"https:\/\/gallery-puzic.com\/en\/matthias-brock-silke-broesskamp\/\">Aktuelle Ausstellung<\/a><\/div>\n<\/div>\n\n\n\n<div style=\"height:100px\" aria-hidden=\"true\" class=\"wp-block-spacer\"><\/div>","protected":false},"excerpt":{"rendered":"<p>Vernissage &#8222;Ohne Titel&#8220;Schirmherr OB Uwe Conradt und Galerist Esad Puzi\u0107 Matthias BrockK\u00fcnstler aus K\u00f6ln Johannis Birringer h\u00e4lt einen spannenden Vortrag zu den Werken der K\u00fcnstler:innen M. Brock und S. Br\u00f6sskamp<\/p>","protected":false},"author":1,"featured_media":0,"parent":0,"menu_order":0,"comment_status":"closed","ping_status":"closed","template":"","meta":{"footnotes":""},"class_list":["post-1083","page","type-page","status-publish","hentry"],"_links":{"self":[{"href":"https:\/\/gallery-puzic.com\/en\/wp-json\/wp\/v2\/pages\/1083","targetHints":{"allow":["GET"]}}],"collection":[{"href":"https:\/\/gallery-puzic.com\/en\/wp-json\/wp\/v2\/pages"}],"about":[{"href":"https:\/\/gallery-puzic.com\/en\/wp-json\/wp\/v2\/types\/page"}],"author":[{"embeddable":true,"href":"https:\/\/gallery-puzic.com\/en\/wp-json\/wp\/v2\/users\/1"}],"replies":[{"embeddable":true,"href":"https:\/\/gallery-puzic.com\/en\/wp-json\/wp\/v2\/comments?post=1083"}],"version-history":[{"count":6,"href":"https:\/\/gallery-puzic.com\/en\/wp-json\/wp\/v2\/pages\/1083\/revisions"}],"predecessor-version":[{"id":1151,"href":"https:\/\/gallery-puzic.com\/en\/wp-json\/wp\/v2\/pages\/1083\/revisions\/1151"}],"wp:attachment":[{"href":"https:\/\/gallery-puzic.com\/en\/wp-json\/wp\/v2\/media?parent=1083"}],"curies":[{"name":"wp","href":"https:\/\/api.w.org\/{rel}","templated":true}]}}